{"id":24,"date":"2025-06-09T12:11:28","date_gmt":"2025-06-09T10:11:28","guid":{"rendered":"https:\/\/www.chiesaevangelicamarostica.it\/?page_id=24"},"modified":"2025-11-17T00:21:16","modified_gmt":"2025-11-16T23:21:16","slug":"cura-e-valori","status":"publish","type":"page","link":"https:\/\/www.chiesaevangelicamarostica.it\/index.php\/cura-e-valori\/","title":{"rendered":"CURA E VALORI"},"content":{"rendered":"<div id=\"pl-gb24-69e2f325b4c47\"  class=\"panel-layout\" ><div id=\"pg-gb24-69e2f325b4c47-0\"  class=\"panel-grid panel-has-style\" ><div class=\"siteorigin-panels-stretch panel-row-style panel-row-style-for-gb24-69e2f325b4c47-0\" data-stretch-type=\"full-width-stretch\" ><div id=\"pgc-gb24-69e2f325b4c47-0-0\"  class=\"panel-grid-cell\" ><div id=\"panel-gb24-69e2f325b4c47-0-0-0\" class=\"so-panel widget widget_sow-hero panel-first-child panel-last-child\" data-index=\"0\" ><div\n\t\t\t\n\t\t\tclass=\"so-widget-sow-hero so-widget-sow-hero-default-5d4af852d880-24 so-widget-fittext-wrapper\"\n\t\t\t data-fit-text-compressor=\"0.85\"\n\t\t>\t\t\t\t<div class=\"sow-slider-base\" style=\"display: none\" tabindex=\"0\">\n\t\t\t\t\t<ul\n\t\t\t\t\tclass=\"sow-slider-images\"\n\t\t\t\t\tdata-settings=\"{&quot;pagination&quot;:true,&quot;speed&quot;:800,&quot;timeout&quot;:8000,&quot;paused&quot;:false,&quot;pause_on_hover&quot;:false,&quot;swipe&quot;:true,&quot;nav_always_show_desktop&quot;:&quot;&quot;,&quot;nav_always_show_mobile&quot;:&quot;&quot;,&quot;breakpoint&quot;:&quot;780px&quot;,&quot;unmute&quot;:false,&quot;anchor&quot;:null}\"\n\t\t\t\t\tstyle=\"min-height: 740px\"\t\t\t\t\tdata-anchor-id=\"\"\n\t\t\t\t>\t\t<li class=\"sow-slider-image  sow-slider-image-cover\" style=\"visibility: visible;;background-color: #333333\" >\n\t\t\t\t\t<div class=\"sow-slider-image-container\">\n\t\t\t<div class=\"sow-slider-image-wrapper\">\n\t\t\t\t<h1 style=\"text-align: center\" data-start=\"227\" data-end=\"288\"><strong data-start=\"234\" data-end=\"288\">Cura che ha valore \u2013 Presenza che fa la differenza<\/strong><\/h1>\n\t\t\t<\/div>\n\t\t<\/div>\n\t\t<div class=\"sow-slider-image-overlay sow-slider-image-cover\" style=\"opacity: 0.58;background-image: url(https:\/\/www.chiesaevangelicamarostica.it\/wp-content\/uploads\/2025\/06\/pexels-hanafi-mellek-886604527-32166712-1536x2048.jpg)\"  ><\/div>\t\t<\/li>\n\t\t<\/ul>\t\t\t\t<ol class=\"sow-slider-pagination\">\n\t\t\t\t\t\t\t\t\t\t\t<li><a href=\"#\" data-goto=\"0\" aria-label=\"Display slide 1\"><\/a><\/li>\n\t\t\t\t\t\t\t\t\t<\/ol>\n\n\t\t\t\t<div class=\"sow-slide-nav sow-slide-nav-next\">\n\t\t\t\t\t<a href=\"#\" data-goto=\"next\" aria-label=\"Next slide\" data-action=\"next\">\n\t\t\t\t\t\t<em class=\"sow-sld-icon-thin-right\"><\/em>\n\t\t\t\t\t<\/a>\n\t\t\t\t<\/div>\n\n\t\t\t\t<div class=\"sow-slide-nav sow-slide-nav-prev\">\n\t\t\t\t\t<a href=\"#\" data-goto=\"previous\" aria-label=\"Previous slide\" data-action=\"prev\">\n\t\t\t\t\t\t<em class=\"sow-sld-icon-thin-left\"><\/em>\n\t\t\t\t\t<\/a>\n\t\t\t\t<\/div>\n\t\t\t\t<\/div><\/div><\/div><\/div><\/div><\/div><div id=\"pg-gb24-69e2f325b4c47-1\"  class=\"panel-grid panel-has-style\" ><div class=\"siteorigin-panels-stretch panel-row-style panel-row-style-for-gb24-69e2f325b4c47-1\" data-stretch-type=\"full\" ><div id=\"pgc-gb24-69e2f325b4c47-1-0\"  class=\"panel-grid-cell\" ><div id=\"panel-gb24-69e2f325b4c47-1-0-0\" class=\"so-panel widget widget_sow-editor panel-first-child panel-last-child\" data-index=\"1\" ><div class=\"panel-widget-style panel-widget-style-for-gb24-69e2f325b4c47-1-0-0\" ><div\n\t\t\t\n\t\t\tclass=\"so-widget-sow-editor so-widget-sow-editor-base\"\n\t\t\t\n\t\t><h3 class=\"widget-title\">\ud83c\udf3f Cura che ha valore \u2013 Presenza che fa la differenza<\/h3>\n<div class=\"siteorigin-widget-tinymce textwidget\">\n\t<h4 style=\"text-align: left;\">Non vogliamo solo essere \u201cuna chiesa in citt\u00e0\u201d, ma una chiesa per la citt\u00e0.<br data-start=\"369\" data-end=\"372\" \/>Crediamo che ogni persona abbia valore e che la cura autentica inizi dall\u2019ascolto, dalla vicinanza, dal gesto concreto.<\/h4>\n<h4 style=\"text-align: left;\">Il nostro desiderio \u00e8 esserci: nei momenti difficili, nelle piccole necessit\u00e0 quotidiane, nei silenzi di chi non sa pi\u00f9 a chi chiedere aiuto.<\/h4>\n<h4 style=\"text-align: left;\">Non chiediamo beneficenza, non facciamo carit\u00e0 \u201cdall\u2019alto\u201d.<br data-start=\"699\" data-end=\"702\" \/>Viviamo l\u2019insegnamento di Ges\u00f9: amare il prossimo come noi stessi, con rispetto, dignit\u00e0 e presenza reale.<\/h4>\n<h4 style=\"text-align: left;\">Portiamo aiuto, non solo parole.<br data-start=\"850\" data-end=\"853\" \/>Offriamo valore, non solo cose.<br data-start=\"888\" data-end=\"891\" \/>Perch\u00e9 per noi, ogni persona \u00e8 una storia sacra, un pezzo importante del mosaico di questa citt\u00e0.<\/h4>\n<\/div>\n<\/div><\/div><\/div><\/div><\/div><\/div><div id=\"pg-gb24-69e2f325b4c47-2\"  class=\"panel-grid panel-has-style\" ><div class=\"siteorigin-panels-stretch panel-row-style panel-row-style-for-gb24-69e2f325b4c47-2\" data-stretch-type=\"full\" ><div id=\"pgc-gb24-69e2f325b4c47-2-0\"  class=\"panel-grid-cell\" ><div id=\"panel-gb24-69e2f325b4c47-2-0-0\" class=\"so-panel widget widget_sow-editor panel-first-child panel-last-child\" data-index=\"2\" ><div class=\"panel-widget-style panel-widget-style-for-gb24-69e2f325b4c47-2-0-0\" ><div\n\t\t\t\n\t\t\tclass=\"so-widget-sow-editor so-widget-sow-editor-base\"\n\t\t\t\n\t\t><h3 class=\"widget-title\">\ud83e\udef6 Accanto a Chi \u00c8 in Difficolt\u00e0<\/h3>\n<div class=\"siteorigin-widget-tinymce textwidget\">\n\t<h4 data-start=\"371\" data-end=\"563\">Per noi, &#8220;cura&#8221; non \u00e8 solo un sentimento, ma un impegno concreto verso le persone che vivono attorno a noi. Non parliamo di beneficenza, ma di condivisione, solidariet\u00e0, ascolto.<\/h4>\n<h4 data-start=\"565\" data-end=\"983\">Nel nostro piccolo, ci impegniamo ogni giorno a sostenere le famiglie del nostro territorio, specialmente quelle che attraversano momenti difficili. Lo facciamo con la raccolta alimentare, che organizziamo e gestiamo con l\u2019aiuto di volontari e persone di buona volont\u00e0. Quanto raccolto viene poi distribuito ai bisognosi, in modo discreto ma costante, cercando di rispondere ai bisogni reali delle persone.<\/h4>\n<h4 data-start=\"985\" data-end=\"1148\">Crediamo che la cura passi dai gesti concreti, dalla prossimit\u00e0, dal mettersi accanto. E lo facciamo con quello che abbiamo, insieme a chi vuole camminare con noi.<\/h4>\n<\/div>\n<\/div><\/div><\/div><\/div><\/div><\/div><div id=\"pg-gb24-69e2f325b4c47-3\"  class=\"panel-grid panel-has-style\" ><div class=\"siteorigin-panels-stretch panel-row-style panel-row-style-for-gb24-69e2f325b4c47-3\" data-stretch-type=\"full\" ><div id=\"pgc-gb24-69e2f325b4c47-3-0\"  class=\"panel-grid-cell\" ><div id=\"panel-gb24-69e2f325b4c47-3-0-0\" class=\"so-panel widget widget_sow-editor panel-first-child panel-last-child\" data-index=\"3\" ><div class=\"panel-widget-style panel-widget-style-for-gb24-69e2f325b4c47-3-0-0\" ><div\n\t\t\t\n\t\t\tclass=\"so-widget-sow-editor so-widget-sow-editor-base\"\n\t\t\t\n\t\t><h3 class=\"widget-title\">\ud83d\udc9e Aiutare ci rende comunit\u00e0<\/h3>\n<div class=\"siteorigin-widget-tinymce textwidget\">\n\t<h4 data-start=\"371\" data-end=\"563\">Ogni gesto di attenzione, tempo o risorsa che condividi ci permette di stare accanto a chi attraversa momenti difficili. Insieme possiamo fare la differenza, un passo alla volta.<\/h4>\n<\/div>\n<\/div><\/div><\/div><\/div><\/div><\/div><div id=\"pg-gb24-69e2f325b4c47-4\"  class=\"panel-grid panel-has-style\" ><div class=\"siteorigin-panels-stretch panel-row-style panel-row-style-for-gb24-69e2f325b4c47-4\" data-stretch-type=\"full\" ><div id=\"pgc-gb24-69e2f325b4c47-4-0\"  class=\"panel-grid-cell\" ><div id=\"panel-gb24-69e2f325b4c47-4-0-0\" class=\"so-panel widget widget_sow-editor panel-first-child panel-last-child\" data-index=\"4\" ><div class=\"panel-widget-style panel-widget-style-for-gb24-69e2f325b4c47-4-0-0\" ><div\n\t\t\t\n\t\t\tclass=\"so-widget-sow-editor so-widget-sow-editor-base\"\n\t\t\t\n\t\t><h3 class=\"widget-title\">\ud83c\udf3e Il bene si moltiplica quando si condivide<\/h3>\n<div class=\"siteorigin-widget-tinymce textwidget\">\n\t<h4 data-start=\"371\" data-end=\"563\">Le attivit\u00e0 che portiamo avanti sono frutto di un cammino collettivo. Se senti di voler essere parte di questa cura, c\u2019\u00e8 spazio anche per te.<\/h4>\n<\/div>\n<\/div><\/div><\/div><\/div><\/div><\/div><div id=\"pg-gb24-69e2f325b4c47-5\"  class=\"panel-grid panel-has-style\" ><div class=\"siteorigin-panels-stretch panel-row-style panel-row-style-for-gb24-69e2f325b4c47-5\" data-stretch-type=\"full-width-stretch\" ><div id=\"pgc-gb24-69e2f325b4c47-5-0\"  class=\"panel-grid-cell\" ><div id=\"panel-gb24-69e2f325b4c47-5-0-0\" class=\"so-panel widget widget_sow-headline panel-first-child panel-last-child\" data-index=\"5\" ><div\n\t\t\t\n\t\t\tclass=\"so-widget-sow-headline so-widget-sow-headline-default-cf80aba19bd9-24\"\n\t\t\t\n\t\t><div class=\"sow-headline-container \">\n\t\t\t\t\t\t\t<h2 class=\"sow-headline\">\n\t\t\t\t\t\tLA CHIESA CHE AIUTA\t\t\t\t\t\t<\/h2>\n\t\t\t\t\t\t<\/div>\n<\/div><\/div><\/div><\/div><\/div><div id=\"pg-gb24-69e2f325b4c47-6\"  class=\"panel-grid panel-has-style\" ><div class=\"siteorigin-panels-stretch panel-row-style panel-row-style-for-gb24-69e2f325b4c47-6\" data-stretch-type=\"full\" ><div id=\"pgc-gb24-69e2f325b4c47-6-0\"  class=\"panel-grid-cell\" ><div id=\"panel-gb24-69e2f325b4c47-6-0-0\" class=\"so-panel widget widget_sow-editor panel-first-child panel-last-child\" data-index=\"6\" ><div class=\"panel-widget-style panel-widget-style-for-gb24-69e2f325b4c47-6-0-0\" ><div\n\t\t\t\n\t\t\tclass=\"so-widget-sow-editor so-widget-sow-editor-base\"\n\t\t\t\n\t\t><h3 class=\"widget-title\">\ud83e\udec2 C&#8217;\u00e8 bisogno di tutti, anche di te<\/h3>\n<div class=\"siteorigin-widget-tinymce textwidget\">\n\t<h4 data-start=\"371\" data-end=\"563\">Per sostenere chi ha bisogno, serve anche chi sostiene chi aiuta. Ogni contributo, piccolo o grande, diventa parte di una storia di speranza.<\/h4>\n<\/div>\n<\/div><\/div><\/div><\/div><\/div><\/div><div id=\"pg-gb24-69e2f325b4c47-7\"  class=\"panel-grid panel-has-style\" ><div class=\"siteorigin-panels-stretch panel-row-style panel-row-style-for-gb24-69e2f325b4c47-7\" data-stretch-type=\"full\" ><div id=\"pgc-gb24-69e2f325b4c47-7-0\"  class=\"panel-grid-cell\" ><div id=\"panel-gb24-69e2f325b4c47-7-0-0\" class=\"so-panel widget widget_sow-editor panel-first-child panel-last-child\" data-index=\"7\" ><div class=\"panel-widget-style panel-widget-style-for-gb24-69e2f325b4c47-7-0-0\" ><div\n\t\t\t\n\t\t\tclass=\"so-widget-sow-editor so-widget-sow-editor-base\"\n\t\t\t\n\t\t><h3 class=\"widget-title\">\ud83d\udd4a\ufe0f Condividere \u00e8 un atto di fiducia<\/h3>\n<div class=\"siteorigin-widget-tinymce textwidget\">\n\t<h4 data-start=\"371\" data-end=\"563\">Le nostre iniziative vivono grazie a chi crede che la cura si costruisce insieme. Unisciti a questo gesto silenzioso ma potente.<\/h4>\n<\/div>\n<\/div><\/div><\/div><\/div><\/div><\/div><div id=\"pg-gb24-69e2f325b4c47-8\"  class=\"panel-grid panel-has-style\" ><div class=\"siteorigin-panels-stretch panel-row-style panel-row-style-for-gb24-69e2f325b4c47-8\" data-stretch-type=\"full\" ><div id=\"pgc-gb24-69e2f325b4c47-8-0\"  class=\"panel-grid-cell\" ><div id=\"panel-gb24-69e2f325b4c47-8-0-0\" class=\"so-panel widget widget_sow-editor panel-first-child panel-last-child\" data-index=\"8\" ><div class=\"panel-widget-style panel-widget-style-for-gb24-69e2f325b4c47-8-0-0\" ><div\n\t\t\t\n\t\t\tclass=\"so-widget-sow-editor so-widget-sow-editor-base\"\n\t\t\t\n\t\t><h3 class=\"widget-title\">\ud83c\udf3c Un sostegno che fa fiorire relazioni<\/h3>\n<div class=\"siteorigin-widget-tinymce textwidget\">\n\t<h4 data-start=\"371\" data-end=\"563\">Se vuoi, puoi contribuire a far nascere nuove possibilit\u00e0: per chi riceve, per chi aiuta, per chi cammina insieme.<\/h4>\n<\/div>\n<\/div><\/div><\/div><\/div><\/div><\/div><\/div>\n\n\n<p><\/p>\n","protected":false},"excerpt":{"rendered":"<p>Non vogliamo solo essere \u201cuna chiesa in citt\u00e0\u201d, ma una chiesa per la citt\u00e0.Crediamo che ogni persona abbia valore e che la cura autentica inizi dall\u2019ascolto, dalla vicinanza, dal gesto concreto. Il nostro desiderio \u00e8 esserci: nei momenti difficili, nelle piccole necessit\u00e0 quotidiane, nei silenzi di chi non sa pi\u00f9 a chi chiedere aiuto. Non [&hellip;]<\/p>\n","protected":false},"author":1,"featured_media":0,"parent":0,"menu_order":0,"comment_status":"closed","ping_status":"closed","template":"templates\/template-full.php","meta":{"_acf_changed":false,"footnotes":""},"class_list":["post-24","page","type-page","status-publish","hentry","post"],"acf":[],"_links":{"self":[{"href":"https:\/\/www.chiesaevangelicamarostica.it\/index.php\/wp-json\/wp\/v2\/pages\/24","targetHints":{"allow":["GET"]}}],"collection":[{"href":"https:\/\/www.chiesaevangelicamarostica.it\/index.php\/wp-json\/wp\/v2\/pages"}],"about":[{"href":"https:\/\/www.chiesaevangelicamarostica.it\/index.php\/wp-json\/wp\/v2\/types\/page"}],"author":[{"embeddable":true,"href":"https:\/\/www.chiesaevangelicamarostica.it\/index.php\/wp-json\/wp\/v2\/users\/1"}],"replies":[{"embeddable":true,"href":"https:\/\/www.chiesaevangelicamarostica.it\/index.php\/wp-json\/wp\/v2\/comments?post=24"}],"version-history":[{"count":52,"href":"https:\/\/www.chiesaevangelicamarostica.it\/index.php\/wp-json\/wp\/v2\/pages\/24\/revisions"}],"predecessor-version":[{"id":850,"href":"https:\/\/www.chiesaevangelicamarostica.it\/index.php\/wp-json\/wp\/v2\/pages\/24\/revisions\/850"}],"wp:attachment":[{"href":"https:\/\/www.chiesaevangelicamarostica.it\/index.php\/wp-json\/wp\/v2\/media?parent=24"}],"curies":[{"name":"wp","href":"https:\/\/api.w.org\/{rel}","templated":true}]}}