{"id":22,"date":"2025-06-09T12:14:42","date_gmt":"2025-06-09T10:14:42","guid":{"rendered":"https:\/\/www.chiesaevangelicamarostica.it\/?page_id=22"},"modified":"2025-11-29T22:56:46","modified_gmt":"2025-11-29T21:56:46","slug":"vita-insieme","status":"publish","type":"page","link":"https:\/\/www.chiesaevangelicamarostica.it\/index.php\/vita-insieme\/","title":{"rendered":"VITA INSIEME"},"content":{"rendered":"<div id=\"pl-gb22-69e2f2e31a9ec\"  class=\"panel-layout\" ><div id=\"pg-gb22-69e2f2e31a9ec-0\"  class=\"panel-grid panel-has-style\" ><div class=\"siteorigin-panels-stretch panel-row-style panel-row-style-for-gb22-69e2f2e31a9ec-0\" data-stretch-type=\"full-width-stretch\" ><div id=\"pgc-gb22-69e2f2e31a9ec-0-0\"  class=\"panel-grid-cell\" ><div id=\"panel-gb22-69e2f2e31a9ec-0-0-0\" class=\"so-panel widget widget_sow-hero panel-first-child panel-last-child\" data-index=\"0\" ><div\n\t\t\t\n\t\t\tclass=\"so-widget-sow-hero so-widget-sow-hero-default-5d4af852d880-22 so-widget-fittext-wrapper\"\n\t\t\t data-fit-text-compressor=\"0.85\"\n\t\t>\t\t\t\t<div class=\"sow-slider-base\" style=\"display: none\" tabindex=\"0\">\n\t\t\t\t\t<ul\n\t\t\t\t\tclass=\"sow-slider-images\"\n\t\t\t\t\tdata-settings=\"{&quot;pagination&quot;:true,&quot;speed&quot;:800,&quot;timeout&quot;:8000,&quot;paused&quot;:false,&quot;pause_on_hover&quot;:false,&quot;swipe&quot;:true,&quot;nav_always_show_desktop&quot;:&quot;&quot;,&quot;nav_always_show_mobile&quot;:&quot;&quot;,&quot;breakpoint&quot;:&quot;780px&quot;,&quot;unmute&quot;:false,&quot;anchor&quot;:null}\"\n\t\t\t\t\tstyle=\"min-height: 740px\"\t\t\t\t\tdata-anchor-id=\"\"\n\t\t\t\t>\t\t<li class=\"sow-slider-image  sow-slider-image-cover\" style=\"visibility: visible;;background-color: #333333\" >\n\t\t\t\t\t<div class=\"sow-slider-image-container\">\n\t\t\t<div class=\"sow-slider-image-wrapper\">\n\t\t\t\t<h1 style=\"text-align: left\" data-start=\"217\" data-end=\"273\"><strong data-start=\"224\" data-end=\"273\">VITE INSIEME \u2013 Un cammino che profuma di casa<\/strong><\/h1>\n<p style=\"text-align: left\" data-start=\"848\" data-end=\"1026\">\n<\/p>\t\t\t<\/div>\n\t\t<\/div>\n\t\t<div class=\"sow-slider-image-overlay sow-slider-image-cover\" style=\"opacity: 0.85;background-image: url(https:\/\/www.chiesaevangelicamarostica.it\/wp-content\/uploads\/2025\/06\/pexels-diohasbi-3280130-scaled.jpg)\"  ><\/div>\t\t<\/li>\n\t\t<\/ul>\t\t\t\t<ol class=\"sow-slider-pagination\">\n\t\t\t\t\t\t\t\t\t\t\t<li><a href=\"#\" data-goto=\"0\" aria-label=\"Display slide 1\"><\/a><\/li>\n\t\t\t\t\t\t\t\t\t<\/ol>\n\n\t\t\t\t<div class=\"sow-slide-nav sow-slide-nav-next\">\n\t\t\t\t\t<a href=\"#\" data-goto=\"next\" aria-label=\"Next slide\" data-action=\"next\">\n\t\t\t\t\t\t<em class=\"sow-sld-icon-thin-right\"><\/em>\n\t\t\t\t\t<\/a>\n\t\t\t\t<\/div>\n\n\t\t\t\t<div class=\"sow-slide-nav sow-slide-nav-prev\">\n\t\t\t\t\t<a href=\"#\" data-goto=\"previous\" aria-label=\"Previous slide\" data-action=\"prev\">\n\t\t\t\t\t\t<em class=\"sow-sld-icon-thin-left\"><\/em>\n\t\t\t\t\t<\/a>\n\t\t\t\t<\/div>\n\t\t\t\t<\/div><\/div><\/div><\/div><\/div><\/div><div id=\"pg-gb22-69e2f2e31a9ec-1\"  class=\"panel-grid panel-has-style\" ><div class=\"siteorigin-panels-stretch panel-row-style panel-row-style-for-gb22-69e2f2e31a9ec-1\" data-stretch-type=\"full\" ><div id=\"pgc-gb22-69e2f2e31a9ec-1-0\"  class=\"panel-grid-cell\" ><div id=\"panel-gb22-69e2f2e31a9ec-1-0-0\" class=\"so-panel widget widget_sow-editor panel-first-child panel-last-child\" data-index=\"1\" ><div class=\"panel-widget-style panel-widget-style-for-gb22-69e2f2e31a9ec-1-0-0\" ><div\n\t\t\t\n\t\t\tclass=\"so-widget-sow-editor so-widget-sow-editor-base\"\n\t\t\t\n\t\t>\n<div class=\"siteorigin-widget-tinymce textwidget\">\n\t<h4 style=\"text-align: left;\" data-start=\"275\" data-end=\"427\">In un mondo dove tanti si sentono soli, <strong data-start=\"315\" data-end=\"345\">noi scegliamo la comunione<\/strong>.<br data-start=\"346\" data-end=\"349\" \/>Vogliamo essere una chiesa che accoglie, che ascolta, che <strong data-start=\"407\" data-end=\"426\">cammina insieme<\/strong>.<\/h4>\n<h4 style=\"text-align: left;\" data-start=\"429\" data-end=\"761\"><strong data-start=\"429\" data-end=\"447\">\u201cVite Insieme\u201d<\/strong> \u00e8 il cuore della nostra comunit\u00e0:<br data-start=\"481\" data-end=\"484\" \/>una famiglia spirituale dove ogni persona pu\u00f2 sentirsi <strong data-start=\"539\" data-end=\"564\">vista, amata, accolta<\/strong>,<br data-start=\"565\" data-end=\"568\" \/>dove un abbraccio sincero diventa <strong data-start=\"602\" data-end=\"619\">sostegno vero<\/strong>,<br data-start=\"620\" data-end=\"623\" \/>e dove <strong data-start=\"630\" data-end=\"650\">la Parola di Dio<\/strong> non \u00e8 solo letta, ma <strong data-start=\"672\" data-end=\"720\">piantata come una radice solida nella roccia<\/strong>,<br data-start=\"721\" data-end=\"724\" \/>per dare forza, direzione e speranza.<\/h4>\n<h4 style=\"text-align: left;\" data-start=\"763\" data-end=\"846\">Qui non sei un numero.<br data-start=\"785\" data-end=\"788\" \/>Non sei un caso.<br data-start=\"804\" data-end=\"807\" \/><strong data-start=\"807\" data-end=\"846\">Sei parte di un disegno pi\u00f9 grande.<\/strong><\/h4>\n<h4 style=\"text-align: left;\" data-start=\"848\" data-end=\"1026\">Ci ritroviamo, ci sosteniamo, cresciamo <strong data-start=\"888\" data-end=\"899\">insieme<\/strong>,<br data-start=\"900\" data-end=\"903\" \/>perch\u00e9 la fede si vive meglio <strong data-start=\"933\" data-end=\"949\">in compagnia<\/strong>,<br data-start=\"950\" data-end=\"953\" \/>e l\u2019amore che riceviamo da Dio si moltiplica solo <strong data-start=\"1003\" data-end=\"1025\">se lo condividiamo<\/strong>.<\/h4>\n<\/div>\n<\/div><\/div><\/div><\/div><\/div><\/div><div id=\"pg-gb22-69e2f2e31a9ec-2\"  class=\"panel-grid panel-has-style\" ><div class=\"siteorigin-panels-stretch panel-row-style panel-row-style-for-gb22-69e2f2e31a9ec-2\" data-stretch-type=\"full-width-stretch\" ><div id=\"pgc-gb22-69e2f2e31a9ec-2-0\"  class=\"panel-grid-cell\" ><div id=\"panel-gb22-69e2f2e31a9ec-2-0-0\" class=\"so-panel widget widget_sow-headline panel-first-child panel-last-child\" data-index=\"2\" ><div\n\t\t\t\n\t\t\tclass=\"so-widget-sow-headline so-widget-sow-headline-default-b5b1601c195d-22\"\n\t\t\t\n\t\t><div class=\"sow-headline-container \">\n\t\t\t\t\t\t\t<h2 class=\"sow-headline\">\n\t\t\t\t\t\tDove la Parola di Dio non \u00e8 solo letta, ma piantata come una radice solida nella roccia\t\t\t\t\t\t<\/h2>\n\t\t\t\t\t\t<\/div>\n<\/div><\/div><\/div><\/div><\/div><div id=\"pg-gb22-69e2f2e31a9ec-3\"  class=\"panel-grid panel-no-style\" ><div id=\"pgc-gb22-69e2f2e31a9ec-3-0\"  class=\"panel-grid-cell panel-grid-cell-empty\" ><\/div><\/div><div id=\"pg-gb22-69e2f2e31a9ec-4\"  class=\"panel-grid panel-no-style\" ><div id=\"pgc-gb22-69e2f2e31a9ec-4-0\"  class=\"panel-grid-cell panel-grid-cell-empty\" ><\/div><\/div><div id=\"pg-gb22-69e2f2e31a9ec-5\"  class=\"panel-grid panel-no-style\" ><div id=\"pgc-gb22-69e2f2e31a9ec-5-0\"  class=\"panel-grid-cell panel-grid-cell-empty\" ><\/div><\/div><\/div>\n\n\n<p><\/p>\n","protected":false},"excerpt":{"rendered":"<p>In un mondo dove tanti si sentono soli, noi scegliamo la comunione.Vogliamo essere una chiesa che accoglie, che ascolta, che cammina insieme. \u201cVite Insieme\u201d \u00e8 il cuore della nostra comunit\u00e0:una famiglia spirituale dove ogni persona pu\u00f2 sentirsi vista, amata, accolta,dove un abbraccio sincero diventa sostegno vero,e dove la Parola di Dio non \u00e8 solo letta, [&hellip;]<\/p>\n","protected":false},"author":1,"featured_media":0,"parent":0,"menu_order":0,"comment_status":"closed","ping_status":"closed","template":"templates\/template-full.php","meta":{"_acf_changed":false,"footnotes":""},"class_list":["post-22","page","type-page","status-publish","hentry","post"],"acf":[],"_links":{"self":[{"href":"https:\/\/www.chiesaevangelicamarostica.it\/index.php\/wp-json\/wp\/v2\/pages\/22","targetHints":{"allow":["GET"]}}],"collection":[{"href":"https:\/\/www.chiesaevangelicamarostica.it\/index.php\/wp-json\/wp\/v2\/pages"}],"about":[{"href":"https:\/\/www.chiesaevangelicamarostica.it\/index.php\/wp-json\/wp\/v2\/types\/page"}],"author":[{"embeddable":true,"href":"https:\/\/www.chiesaevangelicamarostica.it\/index.php\/wp-json\/wp\/v2\/users\/1"}],"replies":[{"embeddable":true,"href":"https:\/\/www.chiesaevangelicamarostica.it\/index.php\/wp-json\/wp\/v2\/comments?post=22"}],"version-history":[{"count":19,"href":"https:\/\/www.chiesaevangelicamarostica.it\/index.php\/wp-json\/wp\/v2\/pages\/22\/revisions"}],"predecessor-version":[{"id":972,"href":"https:\/\/www.chiesaevangelicamarostica.it\/index.php\/wp-json\/wp\/v2\/pages\/22\/revisions\/972"}],"wp:attachment":[{"href":"https:\/\/www.chiesaevangelicamarostica.it\/index.php\/wp-json\/wp\/v2\/media?parent=22"}],"curies":[{"name":"wp","href":"https:\/\/api.w.org\/{rel}","templated":true}]}}