{"id":20,"date":"2025-06-09T12:14:28","date_gmt":"2025-06-09T10:14:28","guid":{"rendered":"https:\/\/www.chiesaevangelicamarostica.it\/?page_id=20"},"modified":"2026-03-06T14:04:16","modified_gmt":"2026-03-06T13:04:16","slug":"news","status":"publish","type":"page","link":"https:\/\/www.chiesaevangelicamarostica.it\/index.php\/news\/","title":{"rendered":"NEWS"},"content":{"rendered":"<div id=\"pl-gb20-69e2f325b53df\"  class=\"panel-layout\" ><div id=\"pg-gb20-69e2f325b53df-0\"  class=\"panel-grid panel-has-style\" ><div class=\"siteorigin-panels-stretch panel-row-style panel-row-style-for-gb20-69e2f325b53df-0\" data-stretch-type=\"full-width-stretch\" ><div id=\"pgc-gb20-69e2f325b53df-0-0\"  class=\"panel-grid-cell\" ><div id=\"panel-gb20-69e2f325b53df-0-0-0\" class=\"so-panel widget widget_sow-hero panel-first-child panel-last-child\" data-index=\"0\" ><div\n\t\t\t\n\t\t\tclass=\"so-widget-sow-hero so-widget-sow-hero-default-5d4af852d880-20 so-widget-fittext-wrapper\"\n\t\t\t data-fit-text-compressor=\"0.85\"\n\t\t>\t\t\t\t<div class=\"sow-slider-base\" style=\"display: none\" tabindex=\"0\">\n\t\t\t\t\t<ul\n\t\t\t\t\tclass=\"sow-slider-images\"\n\t\t\t\t\tdata-settings=\"{&quot;pagination&quot;:true,&quot;speed&quot;:800,&quot;timeout&quot;:8000,&quot;paused&quot;:false,&quot;pause_on_hover&quot;:false,&quot;swipe&quot;:true,&quot;nav_always_show_desktop&quot;:&quot;&quot;,&quot;nav_always_show_mobile&quot;:&quot;&quot;,&quot;breakpoint&quot;:&quot;780px&quot;,&quot;unmute&quot;:false,&quot;anchor&quot;:null}\"\n\t\t\t\t\tstyle=\"min-height: 740px\"\t\t\t\t\tdata-anchor-id=\"\"\n\t\t\t\t>\t\t<li class=\"sow-slider-image  sow-slider-image-cover\" style=\"visibility: visible;;background-color: #333333\" >\n\t\t\t\t\t<div class=\"sow-slider-image-container\">\n\t\t\t<div class=\"sow-slider-image-wrapper\">\n\t\t\t\t<h1 style=\"text-align: left\" data-start=\"292\" data-end=\"356\">\ud83d\udcf0 <strong data-start=\"299\" data-end=\"356\">NEWS \u2013 La vita della nostra chiesa, giorno per giorno<\/strong><\/h1>\n\t\t\t<\/div>\n\t\t<\/div>\n\t\t<div class=\"sow-slider-image-overlay sow-slider-image-cover\" style=\"opacity: 0.85;background-image: url(https:\/\/www.chiesaevangelicamarostica.it\/wp-content\/uploads\/2025\/06\/pexels-eugenia-sol-1769194548-32281504-scaled.jpg)\"  ><\/div>\t\t<\/li>\n\t\t<\/ul>\t\t\t\t<ol class=\"sow-slider-pagination\">\n\t\t\t\t\t\t\t\t\t\t\t<li><a href=\"#\" data-goto=\"0\" aria-label=\"Display slide 1\"><\/a><\/li>\n\t\t\t\t\t\t\t\t\t<\/ol>\n\n\t\t\t\t<div class=\"sow-slide-nav sow-slide-nav-next\">\n\t\t\t\t\t<a href=\"#\" data-goto=\"next\" aria-label=\"Next slide\" data-action=\"next\">\n\t\t\t\t\t\t<em class=\"sow-sld-icon-thin-right\"><\/em>\n\t\t\t\t\t<\/a>\n\t\t\t\t<\/div>\n\n\t\t\t\t<div class=\"sow-slide-nav sow-slide-nav-prev\">\n\t\t\t\t\t<a href=\"#\" data-goto=\"previous\" aria-label=\"Previous slide\" data-action=\"prev\">\n\t\t\t\t\t\t<em class=\"sow-sld-icon-thin-left\"><\/em>\n\t\t\t\t\t<\/a>\n\t\t\t\t<\/div>\n\t\t\t\t<\/div><\/div><\/div><\/div><\/div><\/div><div id=\"pg-gb20-69e2f325b53df-1\"  class=\"panel-grid panel-has-style\" ><div class=\"siteorigin-panels-stretch panel-row-style panel-row-style-for-gb20-69e2f325b53df-1\" data-stretch-type=\"full\" ><div id=\"pgc-gb20-69e2f325b53df-1-0\"  class=\"panel-grid-cell\" ><div id=\"panel-gb20-69e2f325b53df-1-0-0\" class=\"so-panel widget widget_sow-editor panel-first-child panel-last-child\" data-index=\"1\" ><div class=\"panel-widget-style panel-widget-style-for-gb20-69e2f325b53df-1-0-0\" ><div\n\t\t\t\n\t\t\tclass=\"so-widget-sow-editor so-widget-sow-editor-base\"\n\t\t\t\n\t\t>\n<div class=\"siteorigin-widget-tinymce textwidget\">\n\t<h3 style=\"text-align: left;\" data-start=\"358\" data-end=\"519\">C\u2019\u00e8 sempre qualcosa che accade quando camminiamo <strong data-start=\"407\" data-end=\"418\">insieme<\/strong>.<br data-start=\"419\" data-end=\"422\" \/>In questa sezione trovi <strong data-start=\"446\" data-end=\"496\">notizie, eventi, testimonianze e aggiornamenti<\/strong> dalla nostra comunit\u00e0.<\/h3>\n<h3 style=\"text-align: left;\" data-start=\"521\" data-end=\"746\">Qui raccontiamo ci\u00f2 che viviamo:<\/h3>\n<h3 style=\"text-align: left;\" data-start=\"521\" data-end=\"746\"><span style=\"font-size: 16px;\">\ud83c\udfb6 Momenti di adorazione,Culto Insieme<\/span><\/h3>\n<h3 style=\"text-align: left;\" data-start=\"521\" data-end=\"746\">\ud83d\udcd6 Studi biblici e percorsi di crescita,<\/h3>\n<h3 style=\"text-align: left;\" data-start=\"521\" data-end=\"746\">\ud83d\udcc5Incontri speciali,<\/h3>\n<h3 style=\"text-align: left;\" data-start=\"521\" data-end=\"746\">\ud83d\udc50 Progetti di cura e solidariet\u00e0,<\/h3>\n<h3 style=\"text-align: left;\" data-start=\"521\" data-end=\"746\">\ud83d\udc63 Esperienze che ci aiutano a vivere la fede ogni giorno.<\/h3>\n<h3 data-start=\"187\" data-end=\"227\">\ud83d\udd52 <strong data-start=\"193\" data-end=\"227\">Orari settimanali della Chiesa<\/strong><\/h3>\n<h3 data-start=\"229\" data-end=\"296\">\ud83d\udcc5 <strong data-start=\"232\" data-end=\"255\">Marted\u00ec \u2013 ore 20:30<\/strong><br data-start=\"255\" data-end=\"258\" \/>\ud83d\ude4f <em data-start=\"261\" data-end=\"296\">Momento di preghiera comunitaria.<\/em><\/h3>\n<h3 data-start=\"298\" data-end=\"377\">\ud83d\udcc5 <strong data-start=\"301\" data-end=\"324\">Gioved\u00ec \u2013 ore 20:30<\/strong><br data-start=\"324\" data-end=\"327\" \/>\ud83d\udcd6 <em data-start=\"330\" data-end=\"377\">Studi biblici e approfondimenti della Parola.<\/em><\/h3>\n<h3 data-start=\"379\" data-end=\"565\">\ud83d\udcc5 <strong data-start=\"382\" data-end=\"404\">Sabato \u2013 ore 18:00<\/strong><br data-start=\"404\" data-end=\"407\" \/>\ud83c\udf3f <strong data-start=\"410\" data-end=\"424\">I NEED YOU<\/strong><br data-start=\"424\" data-end=\"427\" \/>Un tempo di condivisione autentica, ascolto, confronto tra generazioni, testimonianze, idee per l\u2019opera di Dio e \u201cterzo tempo\u201d conviviale.<\/h3>\n<h3 data-start=\"379\" data-end=\"565\">\ud83d\udcc5 <strong data-start=\"382\" data-end=\"404\">Sabato \u2013 ore 18:00<\/strong><\/h3>\n<h3 data-start=\"379\" data-end=\"565\">\ud83c\udf31 <strong data-start=\"420\" data-end=\"453\">INCONTRO GIOVANI (16\u201325 anni)<\/strong><br data-start=\"453\" data-end=\"456\" \/>Uno spazio dedicato ai giovani per incontrarsi, confrontarsi e crescere insieme.<br data-start=\"536\" data-end=\"539\" \/>Momenti di dialogo, condivisione e riflessione sulla fede e sulle sfide della vita quotidiana.<\/h3>\n<h3 data-start=\"635\" data-end=\"746\">Un\u2019occasione per costruire amicizie, fare domande e cercare insieme il cammino che Dio ha preparato per ognuno.<\/h3>\n<h3 data-start=\"567\" data-end=\"663\">\ud83d\udcc5 <strong data-start=\"570\" data-end=\"594\">Domenica \u2013 ore 10:30<\/strong><br data-start=\"594\" data-end=\"597\" \/>\ud83d\ude4c <em data-start=\"600\" data-end=\"663\">Culto di adorazione, lode, predicazione e comunione fraterna.<\/em><\/h3>\n<h3><\/h3>\n<h3 style=\"text-align: left;\" data-start=\"748\" data-end=\"891\"><strong data-start=\"748\" data-end=\"814\">La Chiesa Evangelica Pentecostale di Marostica \u00e8 in movimento.<\/strong><br data-start=\"814\" data-end=\"817\" \/>Segui le novit\u00e0, <strong data-start=\"834\" data-end=\"847\">partecipa<\/strong>, e sentiti sempre parte di questa famiglia!<\/h3>\n<\/div>\n<\/div><\/div><\/div><\/div><\/div><\/div><div id=\"pg-gb20-69e2f325b53df-2\"  class=\"panel-grid panel-has-style\" ><div class=\"siteorigin-panels-stretch panel-row-style panel-row-style-for-gb20-69e2f325b53df-2\" data-stretch-type=\"full-width-stretch\" ><div id=\"pgc-gb20-69e2f325b53df-2-0\"  class=\"panel-grid-cell\" ><div id=\"panel-gb20-69e2f325b53df-2-0-0\" class=\"so-panel widget widget_sow-headline panel-first-child panel-last-child\" data-index=\"2\" ><div\n\t\t\t\n\t\t\tclass=\"so-widget-sow-headline so-widget-sow-headline-default-348b07bf71b0-20\"\n\t\t\t\n\t\t><div class=\"sow-headline-container \">\n\t\t\t\t\t\t\t<h2 class=\"sow-headline\">\n\t\t\t\t\t\t\ud83c\udfb6 Momenti di adorazione,Culto Insieme\t\t\t\t\t\t<\/h2>\n\t\t\t\t\t\t<\/div>\n<\/div><\/div><\/div><\/div><\/div><div id=\"pg-gb20-69e2f325b53df-3\"  class=\"panel-grid panel-no-style\" ><div id=\"pgc-gb20-69e2f325b53df-3-0\"  class=\"panel-grid-cell\" ><div id=\"panel-gb20-69e2f325b53df-3-0-0\" class=\"so-panel widget widget_sow-editor panel-first-child panel-last-child\" data-index=\"3\" ><div\n\t\t\t\n\t\t\tclass=\"so-widget-sow-editor so-widget-sow-editor-base\"\n\t\t\t\n\t\t>\n<div class=\"siteorigin-widget-tinymce textwidget\">\n\t<h3 data-start=\"193\" data-end=\"293\">Ti aspettiamo ogni <strong data-start=\"212\" data-end=\"224\">domenica<\/strong> per vivere insieme momenti di lode, adorazione e comunione fraterna!<\/h3>\n<h3 data-start=\"295\" data-end=\"363\">\ud83d\udd65 <strong data-start=\"298\" data-end=\"311\">Ore 10:15<\/strong> \u2013 Accoglienza<br data-start=\"325\" data-end=\"328\" \/>\ud83d\udd64 <strong data-start=\"331\" data-end=\"344\">Ore 10:30<\/strong> \u2013 Inizio del culto<\/h3>\n<h3 data-start=\"365\" data-end=\"545\">\ud83d\udcc5 <strong data-start=\"368\" data-end=\"393\">Da Giugno a Settembre<\/strong>, l\u2019<strong data-start=\"397\" data-end=\"425\">ultima domenica del mese<\/strong> il culto si tiene in <strong data-start=\"447\" data-end=\"464\">orario serale<\/strong>:<br data-start=\"465\" data-end=\"468\" \/>\ud83d\udd55 <strong data-start=\"471\" data-end=\"484\">Ore 18:00<\/strong> \u2013 Culto serale, seguito da un momento speciale di <strong data-start=\"535\" data-end=\"544\">Agape<\/strong>.<\/h3>\n<h3 data-start=\"547\" data-end=\"821\">Durante l\u2019<strong data-start=\"557\" data-end=\"566\">Agape<\/strong> condividiamo non solo del cibo, ma anche la gioia della comunione, testimonianze di vita e la possibilit\u00e0 di accogliere nuove persone. \u00c8 un\u2019occasione preziosa per rafforzare i legami tra fratelli e sorelle e per far conoscere l\u2019opera meravigliosa di Dio.<\/h3>\n<h3 data-start=\"823\" data-end=\"1116\"><strong data-start=\"823\" data-end=\"839\">Non mancare!<\/strong> La tua presenza \u00e8 importante: insieme possiamo crescere nella fede, incoraggiarci a vicenda e portare luce nel cuore di chi ancora non conosce il Signore. Vieni e porta qualcuno con te \u2013 perch\u00e9 dove due o tre sono riuniti nel Suo nome, l\u00ec \u00e8 presente anche Ges\u00f9 (Matteo 18:20).<\/h3>\n<\/div>\n<\/div><\/div><\/div><\/div><div id=\"pg-gb20-69e2f325b53df-4\"  class=\"panel-grid panel-has-style\" ><div class=\"siteorigin-panels-stretch panel-row-style panel-row-style-for-gb20-69e2f325b53df-4\" data-stretch-type=\"full-width-stretch\" ><div id=\"pgc-gb20-69e2f325b53df-4-0\"  class=\"panel-grid-cell\" ><div id=\"panel-gb20-69e2f325b53df-4-0-0\" class=\"so-panel widget widget_sow-headline panel-first-child panel-last-child\" data-index=\"4\" ><div\n\t\t\t\n\t\t\tclass=\"so-widget-sow-headline so-widget-sow-headline-default-1973ac131e26-20\"\n\t\t\t\n\t\t><div class=\"sow-headline-container \">\n\t\t\t\t\t\t\t<h2 class=\"sow-headline\">\n\t\t\t\t\t\t\ud83d\udcd6 Studi Biblici e Percorsi di Crescita\t\t\t\t\t\t<\/h2>\n\t\t\t\t\t\t<\/div>\n<\/div><\/div><\/div><\/div><\/div><div id=\"pg-gb20-69e2f325b53df-5\"  class=\"panel-grid panel-no-style\" ><div id=\"pgc-gb20-69e2f325b53df-5-0\"  class=\"panel-grid-cell\" ><div id=\"panel-gb20-69e2f325b53df-5-0-0\" class=\"so-panel widget widget_sow-editor panel-first-child panel-last-child\" data-index=\"5\" ><div\n\t\t\t\n\t\t\tclass=\"so-widget-sow-editor so-widget-sow-editor-base\"\n\t\t\t\n\t\t>\n<div class=\"siteorigin-widget-tinymce textwidget\">\n\t<h4>Ogni <strong data-start=\"174\" data-end=\"194\">domenica mattina<\/strong>, prima del culto, proponiamo un tempo prezioso di studio e formazione spirituale per tutti coloro che desiderano approfondire la conoscenza della Parola di Dio.<\/h4>\n<ul data-start=\"357\" data-end=\"438\">\n<li data-start=\"357\" data-end=\"393\">\n<h4>\ud83d\udd58 <strong data-start=\"362\" data-end=\"391\">Accoglienza alle ore 9:15<\/strong><\/h4>\n<\/li>\n<li data-start=\"394\" data-end=\"438\">\n<h4>\ud83d\udcda <strong data-start=\"399\" data-end=\"438\">Studi Biblici dalle 9:30 alle 10:10<\/strong><\/h4>\n<\/li>\n<\/ul>\n<h4>Questo percorso formativo si svolge <strong data-start=\"476\" data-end=\"513\">dalla prima domenica di settembre<\/strong> fino <strong data-start=\"519\" data-end=\"552\">all\u2019ultima domenica di giugno<\/strong>.<\/h4>\n<h4 data-start=\"118\" data-end=\"484\"><strong data-start=\"118\" data-end=\"484\">Nel mese di dicembre le lezioni sono sospese poich\u00e9 la chiesa \u00e8 impegnata nell\u2019evangelizzazione attraverso il <em data-start=\"338\" data-end=\"349\">Coro Luce<\/em>, con canti gospel e concerti programmati.<br data-start=\"391\" data-end=\"394\" \/>Durante il periodo in cui si tiene il culto serale, le lezioni restano comunque sospese.<\/strong><\/h4>\n<hr data-start=\"642\" data-end=\"645\" \/>\n<h4>\u2728 Un\u2019occasione da non perdere<\/h4>\n<h4>Ti invitiamo a cogliere questa opportunit\u00e0 per crescere nella fede, fortificare il tuo cammino spirituale e conoscere pi\u00f9 profondamente le Scritture.<br data-start=\"831\" data-end=\"834\" \/>In un mondo che corre veloce, prendersi del tempo per ascoltare, riflettere e lasciarsi guidare dalla Parola di Dio \u00e8 un dono che porta frutto nella vita quotidiana.<\/h4>\n<h4>\ud83d\udc49 Se desideri partecipare, <strong data-start=\"1029\" data-end=\"1061\">iscriviti ai nostri incontri<\/strong> e unisciti a noi ogni domenica mattina: un piccolo impegno per un grande impatto nella tua vita spirituale.<\/h4>\n<\/div>\n<\/div><\/div><\/div><\/div><div id=\"pg-gb20-69e2f325b53df-6\"  class=\"panel-grid panel-has-style\" ><div class=\"siteorigin-panels-stretch panel-row-style panel-row-style-for-gb20-69e2f325b53df-6\" data-stretch-type=\"full-width-stretch\" ><div id=\"pgc-gb20-69e2f325b53df-6-0\"  class=\"panel-grid-cell\" ><div id=\"panel-gb20-69e2f325b53df-6-0-0\" class=\"so-panel widget widget_sow-headline panel-first-child panel-last-child\" data-index=\"6\" ><div\n\t\t\t\n\t\t\tclass=\"so-widget-sow-headline so-widget-sow-headline-default-1973ac131e26-20\"\n\t\t\t\n\t\t><div class=\"sow-headline-container \">\n\t\t\t\t\t\t\t<h2 class=\"sow-headline\">\n\t\t\t\t\t\t\u2b50 ARIA GEMME \u2013 Adolescenti\t\t\t\t\t\t<\/h2>\n\t\t\t\t\t\t<\/div>\n<\/div><\/div><\/div><\/div><\/div><div id=\"pg-gb20-69e2f325b53df-7\"  class=\"panel-grid panel-no-style\" ><div id=\"pgc-gb20-69e2f325b53df-7-0\"  class=\"panel-grid-cell\" ><div id=\"panel-gb20-69e2f325b53df-7-0-0\" class=\"so-panel widget widget_sow-editor panel-first-child panel-last-child\" data-index=\"7\" ><div\n\t\t\t\n\t\t\tclass=\"so-widget-sow-editor so-widget-sow-editor-base\"\n\t\t\t\n\t\t><h3 class=\"widget-title\">\u2b50 ARIA GEMME \u2013 Adolescenti<\/h3>\n<div class=\"siteorigin-widget-tinymce textwidget\">\n\t<h4 data-start=\"320\" data-end=\"552\">\ud83d\udc66\ud83d\udcd8<br data-start=\"324\" data-end=\"327\" \/><strong data-start=\"327\" data-end=\"341\">ARIA GEMME<\/strong> \u00e8 un percorso dedicato agli adolescenti.<br data-start=\"382\" data-end=\"385\" \/>Attraverso studi biblici e riflessioni sull\u2019attualit\u00e0, i ragazzi imparano a confrontarsi ogni giorno con la Parola di Dio, crescendo nella fede e nei valori cristiani.<\/h4>\n<\/div>\n<\/div><\/div><\/div><\/div><div id=\"pg-gb20-69e2f325b53df-8\"  class=\"panel-grid panel-has-style\" ><div class=\"siteorigin-panels-stretch panel-row-style panel-row-style-for-gb20-69e2f325b53df-8\" data-stretch-type=\"full-width-stretch\" ><div id=\"pgc-gb20-69e2f325b53df-8-0\"  class=\"panel-grid-cell\" ><div id=\"panel-gb20-69e2f325b53df-8-0-0\" class=\"so-panel widget widget_sow-headline panel-first-child panel-last-child\" data-index=\"8\" ><div\n\t\t\t\n\t\t\tclass=\"so-widget-sow-headline so-widget-sow-headline-default-1973ac131e26-20\"\n\t\t\t\n\t\t><div class=\"sow-headline-container \">\n\t\t\t\t\t\t\t<h2 class=\"sow-headline\">\n\t\t\t\t\t\t\u2b50 Scuola Domenicale \u2013 Bambini (Piccoli &amp; Medi)\t\t\t\t\t\t<\/h2>\n\t\t\t\t\t\t<\/div>\n<\/div><\/div><\/div><\/div><\/div><div id=\"pg-gb20-69e2f325b53df-9\"  class=\"panel-grid panel-no-style\" ><div id=\"pgc-gb20-69e2f325b53df-9-0\"  class=\"panel-grid-cell\" ><div id=\"panel-gb20-69e2f325b53df-9-0-0\" class=\"so-panel widget widget_sow-editor panel-first-child panel-last-child\" data-index=\"9\" ><div\n\t\t\t\n\t\t\tclass=\"so-widget-sow-editor so-widget-sow-editor-base\"\n\t\t\t\n\t\t><h3 class=\"widget-title\">\u2b50 Scuola Domenicale \u2013 Bambini (Piccoli &amp; Medi)<\/h3>\n<div class=\"siteorigin-widget-tinymce textwidget\">\n\t<h4 data-start=\"611\" data-end=\"785\">\ud83e\uddd2\ud83d\udcd6<br data-start=\"615\" data-end=\"618\" \/>Durante il culto della domenica, mentre i genitori ascoltano il messaggio nella sala principale, i bambini partecipano alla <strong data-start=\"742\" data-end=\"763\">Scuola Domenicale<\/strong> divisi in due gruppi:<\/h4>\n<ul data-start=\"787\" data-end=\"819\">\n<li data-start=\"787\" data-end=\"805\">\n<h4 data-start=\"789\" data-end=\"805\">\ud83d\udc76 <strong data-start=\"792\" data-end=\"803\">Piccoli<\/strong><\/h4>\n<\/li>\n<li data-start=\"806\" data-end=\"819\">\n<h4 data-start=\"808\" data-end=\"819\">\ud83d\udc67 <strong data-start=\"811\" data-end=\"819\">Medi<\/strong><\/h4>\n<\/li>\n<\/ul>\n<h4 data-start=\"821\" data-end=\"958\">Attraverso storie bibliche, attivit\u00e0 creative e spiegazioni semplici, i bambini scoprono la Parola di Dio in modo gioioso e coinvolgente.<\/h4>\n<\/div>\n<\/div><\/div><\/div><\/div><\/div>","protected":false},"excerpt":{"rendered":"<p>C\u2019\u00e8 sempre qualcosa che accade quando camminiamo insieme.In questa sezione trovi notizie, eventi, testimonianze e aggiornamenti dalla nostra comunit\u00e0. Qui raccontiamo ci\u00f2 che viviamo: \ud83c\udfb6 Momenti di adorazione,Culto Insieme \ud83d\udcd6 Studi biblici e percorsi di crescita, \ud83d\udcc5Incontri speciali, \ud83d\udc50 Progetti di cura e solidariet\u00e0, \ud83d\udc63 Esperienze che ci aiutano a vivere la fede ogni giorno. [&hellip;]<\/p>\n","protected":false},"author":1,"featured_media":0,"parent":0,"menu_order":0,"comment_status":"closed","ping_status":"closed","template":"templates\/template-full.php","meta":{"_acf_changed":false,"footnotes":""},"class_list":["post-20","page","type-page","status-publish","hentry","post"],"acf":[],"_links":{"self":[{"href":"https:\/\/www.chiesaevangelicamarostica.it\/index.php\/wp-json\/wp\/v2\/pages\/20","targetHints":{"allow":["GET"]}}],"collection":[{"href":"https:\/\/www.chiesaevangelicamarostica.it\/index.php\/wp-json\/wp\/v2\/pages"}],"about":[{"href":"https:\/\/www.chiesaevangelicamarostica.it\/index.php\/wp-json\/wp\/v2\/types\/page"}],"author":[{"embeddable":true,"href":"https:\/\/www.chiesaevangelicamarostica.it\/index.php\/wp-json\/wp\/v2\/users\/1"}],"replies":[{"embeddable":true,"href":"https:\/\/www.chiesaevangelicamarostica.it\/index.php\/wp-json\/wp\/v2\/comments?post=20"}],"version-history":[{"count":43,"href":"https:\/\/www.chiesaevangelicamarostica.it\/index.php\/wp-json\/wp\/v2\/pages\/20\/revisions"}],"predecessor-version":[{"id":1176,"href":"https:\/\/www.chiesaevangelicamarostica.it\/index.php\/wp-json\/wp\/v2\/pages\/20\/revisions\/1176"}],"wp:attachment":[{"href":"https:\/\/www.chiesaevangelicamarostica.it\/index.php\/wp-json\/wp\/v2\/media?parent=20"}],"curies":[{"name":"wp","href":"https:\/\/api.w.org\/{rel}","templated":true}]}}